{"id":9538,"date":"2025-11-24T10:55:31","date_gmt":"2025-11-24T10:55:31","guid":{"rendered":"https:\/\/www.ceese.es\/material-electrico\/?page_id=9538"},"modified":"2026-02-23T06:44:57","modified_gmt":"2026-02-23T06:44:57","slug":"serie-1000","status":"publish","type":"page","link":"https:\/\/www.ceese.es\/material-electrico\/serie-1000\/","title":{"rendered":"SERIE 1000"},"content":{"rendered":"<p>[et_pb_section fb_built=\u00bb1&#8243; admin_label=\u00bbHeader\u00bb _builder_version=\u00bb4.26.0&#8243; _module_preset=\u00bbdefault\u00bb use_background_color_gradient=\u00bbon\u00bb background_color_gradient_stops=\u00bbrgba(10,10,10,0.5) 0%|rgba(0,0,0,0.6) 100%\u00bb background_color_gradient_overlays_image=\u00bbon\u00bb background_image=\u00bbhttps:\/\/www.ceese.es\/material-electrico\/wp-content\/uploads\/2025\/11\/Ambiente-1000-scaled.jpg\u00bb min_height=\u00bb697.1px\u00bb custom_padding=\u00bb10vw||10vw||true|false\u00bb collapsed=\u00bbon\u00bb global_colors_info=\u00bb{}\u00bb][et_pb_row _builder_version=\u00bb4.24.3&#8243; _module_preset=\u00bbdefault\u00bb width=\u00bb50%\u00bb width_tablet=\u00bb80%\u00bb width_phone=\u00bb80%\u00bb width_last_edited=\u00bbon|desktop\u00bb max_width=\u00bbnone\u00bb global_colors_info=\u00bb{}\u00bb][et_pb_column type=\u00bb4_4&#8243; _builder_version=\u00bb4.24.3&#8243; _module_preset=\u00bbdefault\u00bb global_colors_info=\u00bb{}\u00bb][et_pb_heading title=\u00bbSERIE 1000&#8243; _builder_version=\u00bb4.24.3&#8243; _module_preset=\u00bb0569fa98-c645-46e8-97d1-fbe009192508&#8243; title_text_align=\u00bbcenter\u00bb title_text_color=\u00bb#FFFFFF\u00bb title_font_size=\u00bb5vw\u00bb global_colors_info=\u00bb{}\u00bb][\/et_pb_heading][\/et_pb_column][\/et_pb_row][\/et_pb_section][et_pb_section fb_built=\u00bb1&#8243; admin_label=\u00bbAbout\u00bb _builder_version=\u00bb4.24.3&#8243; _module_preset=\u00bbdefault\u00bb collapsed=\u00bbon\u00bb global_colors_info=\u00bb{}\u00bb][et_pb_row column_structure=\u00bb1_2,1_2&#8243; _builder_version=\u00bb4.24.3&#8243; _module_preset=\u00bbdefault\u00bb max_width=\u00bbnone\u00bb global_colors_info=\u00bb{}\u00bb][et_pb_column type=\u00bb1_2&#8243; _builder_version=\u00bb4.24.3&#8243; _module_preset=\u00bbdefault\u00bb global_colors_info=\u00bb{}\u00bb][et_pb_heading title=\u00bbVers\u00e1til, elegante y compatible\u00bb _builder_version=\u00bb4.26.0&#8243; _module_preset=\u00bb3ce81f1c-7e1f-4be4-b90a-765250babcac\u00bb title_text_color=\u00bbgcid-3e82fe58-3361-44dd-bc2e-cecf457b1359&#8243; title_font_size=\u00bb3vw\u00bb global_colors_info=\u00bb{%22gcid-3e93bdc5-146d-448e-a761-9f1b4dd51113%22:%91%22link_text_color%22,%22quote_border_color%22,%22link_text_color%22,%22quote_border_color%22,%22link_text_color%22,%22quote_border_color%22,%22link_text_color%22,%22quote_border_color%22,%22link_text_color%22,%22quote_border_color%22,%22link_text_color%22,%22quote_border_color%22,%22link_text_color%22,%22quote_border_color%22%93,%22gcid-c7d8f091-13fc-48ff-a161-01fd58ed72d5%22:%91%22quote_text_color%22,%22quote_text_color%22,%22quote_text_color%22,%22quote_text_color%22,%22quote_text_color%22,%22quote_text_color%22,%22quote_text_color%22,%22quote_text_color%22,%22quote_text_color%22%93,%22gcid-3e82fe58-3361-44dd-bc2e-cecf457b1359%22:%91%22title_text_color%22%93,%22gcid-primary-color%22:%91%22title_text_color%22%93}\u00bb][\/et_pb_heading][et_pb_text _builder_version=\u00bb4.24.3&#8243; _module_preset=\u00bbf619ce22-e647-4a16-ba8a-328a52886a82&#8243; custom_padding=\u00bb||0px|||\u00bb global_colors_info=\u00bb{}\u00bb]<\/p>\n<p data-start=\"157\" data-end=\"472\">La Serie CEESE 1000 se instala mediante una funci\u00f3n com\u00fan (conmutador, base de enchufe, etc.), compatible tambi\u00e9n con las series 2000 y 3500.<\/p>\n<p data-start=\"157\" data-end=\"472\">Cada elemento montado incluye un teclado correspondiente a la funci\u00f3n elegida y un marco embellecedor, conformando un m\u00f3dulo de 85\u00d785 mm.<\/p>\n<p>[\/et_pb_text][\/et_pb_column][et_pb_column type=\u00bb1_2&#8243; _builder_version=\u00bb4.24.3&#8243; _module_preset=\u00bbdefault\u00bb global_colors_info=\u00bb{}\u00bb][et_pb_image src=\u00bbhttps:\/\/www.ceese.es\/material-electrico\/wp-content\/uploads\/2025\/11\/jared-rice-PibraWHb4h8-unsplash.jpg\u00bb title_text=\u00bbjared-rice-PibraWHb4h8-unsplash\u00bb _builder_version=\u00bb4.26.0&#8243; _module_preset=\u00bbdefault\u00bb global_colors_info=\u00bb{}\u00bb][\/et_pb_image][\/et_pb_column][\/et_pb_row][\/et_pb_section][et_pb_section fb_built=\u00bb1&#8243; admin_label=\u00bbContact Info\u00bb _builder_version=\u00bb4.26.0&#8243; _module_preset=\u00bbdefault\u00bb background_enable_color=\u00bboff\u00bb background_image=\u00bbhttps:\/\/www.ceese.es\/material-electrico\/wp-content\/uploads\/2025\/11\/pexels-karola-g-4705833.jpg\u00bb parallax=\u00bbon\u00bb custom_padding=\u00bb6vw|10vw||10vw|false|true\u00bb collapsed=\u00bbon\u00bb global_colors_info=\u00bb{}\u00bb][et_pb_row _builder_version=\u00bb4.26.0&#8243; _module_preset=\u00bbdefault\u00bb width=\u00bb100%\u00bb max_width=\u00bb1450px\u00bb module_alignment=\u00bbright\u00bb scroll_vertical_motion_enable=\u00bbon\u00bb scroll_vertical_motion=\u00bb0|50|50|100|1|0|-1&#8243; global_colors_info=\u00bb{}\u00bb][et_pb_column type=\u00bb4_4&#8243; _builder_version=\u00bb4.26.0&#8243; _module_preset=\u00bbdefault\u00bb background_color=\u00bbRGBA(255,255,255,0)\u00bb global_colors_info=\u00bb{}\u00bb][et_pb_image src=\u00bbhttps:\/\/www.ceese.es\/material-electrico\/wp-content\/uploads\/2025\/11\/SERIE-1000-COLORES.png\u00bb title_text=\u00bbSERIE 1000 COLORES\u00bb _builder_version=\u00bb4.26.0&#8243; _module_preset=\u00bbdefault\u00bb global_colors_info=\u00bb{}\u00bb][\/et_pb_image][\/et_pb_column][\/et_pb_row][\/et_pb_section][et_pb_section fb_built=\u00bb1&#8243; admin_label=\u00bbGallery\u00bb _builder_version=\u00bb4.24.3&#8243; _module_preset=\u00bbdefault\u00bb saved_tabs=\u00bball\u00bb collapsed=\u00bbon\u00bb global_colors_info=\u00bb{}\u00bb][et_pb_row column_structure=\u00bb1_4,1_4,1_4,1_4&#8243; use_custom_gutter=\u00bbon\u00bb gutter_width=\u00bb2&#8243; _builder_version=\u00bb4.24.3&#8243; _module_preset=\u00bbdefault\u00bb max_width=\u00bbnone\u00bb global_colors_info=\u00bb{}\u00bb][et_pb_column type=\u00bb1_4&#8243; _builder_version=\u00bb4.24.3&#8243; _module_preset=\u00bbdefault\u00bb global_colors_info=\u00bb{}\u00bb][et_pb_image src=\u00bbhttps:\/\/www.ceese.es\/material-electrico\/wp-content\/uploads\/2025\/11\/M502-01.png\u00bb title_text=\u00bbM502-01&#8243; _builder_version=\u00bb4.26.0&#8243; _module_preset=\u00bbdefault\u00bb global_colors_info=\u00bb{}\u00bb][\/et_pb_image][\/et_pb_column][et_pb_column type=\u00bb1_4&#8243; _builder_version=\u00bb4.24.3&#8243; _module_preset=\u00bbdefault\u00bb global_colors_info=\u00bb{}\u00bb][et_pb_image src=\u00bbhttps:\/\/www.ceese.es\/material-electrico\/wp-content\/uploads\/2025\/11\/M106.png\u00bb title_text=\u00bbM106&#8243; show_in_lightbox=\u00bbon\u00bb use_overlay=\u00bbon\u00bb overlay_icon_color=\u00bbgcid-3e93bdc5-146d-448e-a761-9f1b4dd51113&#8243; _builder_version=\u00bb4.26.0&#8243; _module_preset=\u00bbdefault\u00bb locked=\u00bboff\u00bb global_colors_info=\u00bb{%22gcid-3e93bdc5-146d-448e-a761-9f1b4dd51113%22:%91%22overlay_icon_color%22%93}\u00bb][\/et_pb_image][\/et_pb_column][et_pb_column type=\u00bb1_4&#8243; _builder_version=\u00bb4.24.3&#8243; _module_preset=\u00bbdefault\u00bb global_colors_info=\u00bb{}\u00bb][et_pb_image src=\u00bbhttps:\/\/www.ceese.es\/material-electrico\/wp-content\/uploads\/2025\/11\/M720-01.png\u00bb title_text=\u00bbM720-01&#8243; show_in_lightbox=\u00bbon\u00bb use_overlay=\u00bbon\u00bb overlay_icon_color=\u00bbgcid-3e93bdc5-146d-448e-a761-9f1b4dd51113&#8243; _builder_version=\u00bb4.26.0&#8243; _module_preset=\u00bbdefault\u00bb locked=\u00bboff\u00bb global_colors_info=\u00bb{%22gcid-3e93bdc5-146d-448e-a761-9f1b4dd51113%22:%91%22overlay_icon_color%22%93}\u00bb][\/et_pb_image][\/et_pb_column][et_pb_column type=\u00bb1_4&#8243; _builder_version=\u00bb4.24.3&#8243; _module_preset=\u00bbdefault\u00bb global_colors_info=\u00bb{}\u00bb][et_pb_image src=\u00bbhttps:\/\/www.ceese.es\/material-electrico\/wp-content\/uploads\/2025\/11\/M101.png\u00bb title_text=\u00bbM101&#8243; _builder_version=\u00bb4.26.0&#8243; _module_preset=\u00bbdefault\u00bb global_colors_info=\u00bb{}\u00bb][\/et_pb_image][\/et_pb_column][\/et_pb_row][\/et_pb_section][et_pb_section fb_built=\u00bb1&#8243; admin_label=\u00bbCall to Action\u00bb _builder_version=\u00bb4.26.0&#8243; _module_preset=\u00bbdefault\u00bb background_enable_color=\u00bboff\u00bb use_background_color_gradient=\u00bbon\u00bb background_color_gradient_stops=\u00bbrgba(0,0,0,0.1) 0%|rgba(0,0,0,0.1) 98%\u00bb background_color_gradient_overlays_image=\u00bbon\u00bb background_image=\u00bbhttps:\/\/www.ceese.es\/material-electrico\/wp-content\/uploads\/2025\/11\/catalogo-scaled.jpg\u00bb parallax=\u00bbon\u00bb custom_padding=\u00bb10vw||10vw||true|false\u00bb collapsed=\u00bbon\u00bb global_colors_info=\u00bb{}\u00bb][et_pb_row _builder_version=\u00bb4.24.3&#8243; _module_preset=\u00bbdefault\u00bb global_colors_info=\u00bb{}\u00bb][et_pb_column type=\u00bb4_4&#8243; _builder_version=\u00bb4.24.3&#8243; _module_preset=\u00bbdefault\u00bb global_colors_info=\u00bb{}\u00bb][et_pb_button button_url=\u00bbhttps:\/\/www.ceese.es\/material-electrico\/wp-content\/uploads\/2026\/01\/CEESE-TARIFA-GENERAL-2026-9000000126-ED.1_WEB.pdf\u00bb button_text=\u00bbVer tarifa de precios\u00bb button_alignment=\u00bbcenter\u00bb _builder_version=\u00bb4.26.0&#8243; _module_preset=\u00bb2c398c21-1545-48e2-8e66-5a837cab2cd2&#8243; button_bg_color=\u00bbgcid-primary-color\u00bb hover_enabled=\u00bb0&#8243; locked=\u00bboff\u00bb global_colors_info=\u00bb{%22gcid-primary-color%22:%91%22button_bg_color%22%93}\u00bb url_new_window=\u00bbon\u00bb sticky_enabled=\u00bb0&#8243;][\/et_pb_button][\/et_pb_column][\/et_pb_row][\/et_pb_section]<\/p>\n","protected":false},"excerpt":{"rendered":"<p>La Serie CEESE 1000 se instala mediante una funci\u00f3n com\u00fan (conmutador, base de enchufe, etc.), compatible tambi\u00e9n con las series 2000 y 3500. Cada elemento montado incluye un teclado correspondiente a la funci\u00f3n elegida y un marco embellecedor, conformando un m\u00f3dulo de 85\u00d785 mm.<\/p>\n","protected":false},"author":2,"featured_media":0,"parent":0,"menu_order":0,"comment_status":"closed","ping_status":"closed","template":"","meta":{"_et_pb_use_builder":"on","_et_pb_old_content":"","_et_gb_content_width":"","footnotes":""},"class_list":["post-9538","page","type-page","status-publish","hentry"],"_links":{"self":[{"href":"https:\/\/www.ceese.es\/material-electrico\/wp-json\/wp\/v2\/pages\/9538","targetHints":{"allow":["GET"]}}],"collection":[{"href":"https:\/\/www.ceese.es\/material-electrico\/wp-json\/wp\/v2\/pages"}],"about":[{"href":"https:\/\/www.ceese.es\/material-electrico\/wp-json\/wp\/v2\/types\/page"}],"author":[{"embeddable":true,"href":"https:\/\/www.ceese.es\/material-electrico\/wp-json\/wp\/v2\/users\/2"}],"replies":[{"embeddable":true,"href":"https:\/\/www.ceese.es\/material-electrico\/wp-json\/wp\/v2\/comments?post=9538"}],"version-history":[{"count":1,"href":"https:\/\/www.ceese.es\/material-electrico\/wp-json\/wp\/v2\/pages\/9538\/revisions"}],"predecessor-version":[{"id":10115,"href":"https:\/\/www.ceese.es\/material-electrico\/wp-json\/wp\/v2\/pages\/9538\/revisions\/10115"}],"wp:attachment":[{"href":"https:\/\/www.ceese.es\/material-electrico\/wp-json\/wp\/v2\/media?parent=9538"}],"curies":[{"name":"wp","href":"https:\/\/api.w.org\/{rel}","templated":true}]}}