{"id":9455,"date":"2025-11-21T13:05:09","date_gmt":"2025-11-21T13:05:09","guid":{"rendered":"https:\/\/www.ceese.es\/material-electrico\/?page_id=9455"},"modified":"2026-04-10T06:13:20","modified_gmt":"2026-04-10T06:13:20","slug":"serie-mediterraneo-2","status":"publish","type":"page","link":"https:\/\/www.ceese.es\/material-electrico\/serie-mediterraneo-2\/","title":{"rendered":"SERIE MEDITERR\u00c1NEO"},"content":{"rendered":"<p>[et_pb_section fb_built=\u00bb1&#8243; admin_label=\u00bbHeader\u00bb _builder_version=\u00bb4.26.0&#8243; _module_preset=\u00bbdefault\u00bb use_background_color_gradient=\u00bbon\u00bb background_color_gradient_stops=\u00bbrgba(10,10,10,0.5) 0%|rgba(0,0,0,0.6) 100%\u00bb background_color_gradient_overlays_image=\u00bbon\u00bb background_image=\u00bbhttps:\/\/www.ceese.es\/material-electrico\/wp-content\/uploads\/2025\/11\/Ambiente-MEDITERRANEO-2.jpg\u00bb min_height=\u00bb697.1px\u00bb custom_padding=\u00bb10vw||10vw||true|false\u00bb collapsed=\u00bbon\u00bb global_colors_info=\u00bb{}\u00bb][et_pb_row _builder_version=\u00bb4.24.3&#8243; _module_preset=\u00bbdefault\u00bb width=\u00bb50%\u00bb width_tablet=\u00bb80%\u00bb width_phone=\u00bb80%\u00bb width_last_edited=\u00bbon|desktop\u00bb max_width=\u00bbnone\u00bb global_colors_info=\u00bb{}\u00bb][et_pb_column type=\u00bb4_4&#8243; _builder_version=\u00bb4.24.3&#8243; _module_preset=\u00bbdefault\u00bb global_colors_info=\u00bb{}\u00bb][et_pb_heading title=\u00bbSERIE MEDITERR\u00c1NEO\u00bb _builder_version=\u00bb4.24.3&#8243; _module_preset=\u00bb0569fa98-c645-46e8-97d1-fbe009192508&#8243; title_text_align=\u00bbcenter\u00bb title_text_color=\u00bb#FFFFFF\u00bb title_font_size=\u00bb5vw\u00bb global_colors_info=\u00bb{}\u00bb][\/et_pb_heading][\/et_pb_column][\/et_pb_row][\/et_pb_section][et_pb_section fb_built=\u00bb1&#8243; admin_label=\u00bbAbout\u00bb _builder_version=\u00bb4.24.3&#8243; _module_preset=\u00bbdefault\u00bb collapsed=\u00bbon\u00bb global_colors_info=\u00bb{}\u00bb][et_pb_row column_structure=\u00bb1_3,1_3,1_3&#8243; _builder_version=\u00bb4.24.3&#8243; _module_preset=\u00bbdefault\u00bb max_width=\u00bbnone\u00bb global_colors_info=\u00bb{}\u00bb][et_pb_column type=\u00bb1_3&#8243; _builder_version=\u00bb4.24.3&#8243; _module_preset=\u00bbdefault\u00bb global_colors_info=\u00bb{}\u00bb][et_pb_heading title=\u00bbDise\u00f1o elegante para espacios contempor\u00e1neos\u00bb _builder_version=\u00bb4.26.0&#8243; _module_preset=\u00bb3ce81f1c-7e1f-4be4-b90a-765250babcac\u00bb title_text_color=\u00bbgcid-3e82fe58-3361-44dd-bc2e-cecf457b1359&#8243; title_font_size=\u00bb3vw\u00bb global_colors_info=\u00bb{%22gcid-3e93bdc5-146d-448e-a761-9f1b4dd51113%22:%91%22link_text_color%22,%22quote_border_color%22,%22link_text_color%22,%22quote_border_color%22,%22link_text_color%22,%22quote_border_color%22,%22link_text_color%22,%22quote_border_color%22%93,%22gcid-c7d8f091-13fc-48ff-a161-01fd58ed72d5%22:%91%22quote_text_color%22,%22quote_text_color%22,%22quote_text_color%22,%22quote_text_color%22,%22quote_text_color%22%93,%22gcid-3e82fe58-3361-44dd-bc2e-cecf457b1359%22:%91%22title_text_color%22%93}\u00bb][\/et_pb_heading][et_pb_text _builder_version=\u00bb4.24.3&#8243; _module_preset=\u00bbf619ce22-e647-4a16-ba8a-328a52886a82&#8243; global_colors_info=\u00bb{}\u00bb]<\/p>\n<p data-start=\"157\" data-end=\"472\">La Colecci\u00f3n Mediterr\u00e1neo ha sido creada para ofrecer una soluci\u00f3n creativa y funcional a los espacios modernos, con una elegante gama de l\u00edneas sencillas y rectas. Su teclado de mayor amplitud proporciona una superficie de contacto m\u00e1s c\u00f3moda, mientras que el marco estrecho, que parece flotar sobre la pared gracias a su doble profundidad, aporta un acabado ligero y sofisticado.<br data-start=\"516\" data-end=\"519\" \/>Con todo ello, la Colecci\u00f3n Mediterr\u00e1neo se sit\u00faa a la vanguardia del dise\u00f1o para los ambientes m\u00e1s exclusivos.<\/p>\n<p>[\/et_pb_text][\/et_pb_column][et_pb_column type=\u00bb1_3&#8243; _builder_version=\u00bb4.24.3&#8243; _module_preset=\u00bbdefault\u00bb global_colors_info=\u00bb{}\u00bb][et_pb_image src=\u00bbhttps:\/\/www.ceese.es\/material-electrico\/wp-content\/uploads\/2025\/11\/Ambiente-MEDITERRANEO-3.jpg\u00bb title_text=\u00bbAmbiente MEDITERRANEO 3&#8243; _builder_version=\u00bb4.26.0&#8243; _module_preset=\u00bbdefault\u00bb global_colors_info=\u00bb{}\u00bb][\/et_pb_image][\/et_pb_column][et_pb_column type=\u00bb1_3&#8243; _builder_version=\u00bb4.24.3&#8243; _module_preset=\u00bbdefault\u00bb global_colors_info=\u00bb{}\u00bb][et_pb_image src=\u00bbhttps:\/\/www.ceese.es\/material-electrico\/wp-content\/uploads\/2025\/11\/Montaje-4-scaled.jpg\u00bb title_text=\u00bbliving room with big window and brown wall interior\u00bb _builder_version=\u00bb4.26.0&#8243; _module_preset=\u00bbdefault\u00bb global_colors_info=\u00bb{}\u00bb][\/et_pb_image][et_pb_image src=\u00bbhttps:\/\/www.ceese.es\/material-electrico\/wp-content\/uploads\/2018\/05\/Ambiente-CEESE-01.jpg\u00bb title_text=\u00bbTee kochen in wei\u00dfer heller K\u00fccher\u00bb _builder_version=\u00bb4.26.0&#8243; _module_preset=\u00bbdefault\u00bb global_colors_info=\u00bb{}\u00bb][\/et_pb_image][\/et_pb_column][\/et_pb_row][\/et_pb_section][et_pb_section fb_built=\u00bb1&#8243; admin_label=\u00bbContact Info\u00bb _builder_version=\u00bb4.26.0&#8243; _module_preset=\u00bbdefault\u00bb background_enable_color=\u00bboff\u00bb background_image=\u00bbhttps:\/\/www.ceese.es\/material-electrico\/wp-content\/uploads\/2025\/11\/annie-spratt-sVRj2P8m-9U-unsplash.jpg\u00bb parallax=\u00bbon\u00bb custom_padding=\u00bb6vw|10vw||10vw|false|true\u00bb collapsed=\u00bbon\u00bb global_colors_info=\u00bb{}\u00bb][et_pb_row _builder_version=\u00bb4.26.0&#8243; _module_preset=\u00bbdefault\u00bb width=\u00bb100%\u00bb max_width=\u00bb1450px\u00bb module_alignment=\u00bbright\u00bb scroll_vertical_motion_enable=\u00bbon\u00bb scroll_vertical_motion=\u00bb0|50|50|100|1|0|-1&#8243; global_colors_info=\u00bb{}\u00bb][et_pb_column type=\u00bb4_4&#8243; _builder_version=\u00bb4.26.0&#8243; _module_preset=\u00bbdefault\u00bb background_color=\u00bbRGBA(255,255,255,0)\u00bb global_colors_info=\u00bb{}\u00bb][et_pb_image src=\u00bbhttps:\/\/www.ceese.es\/material-electrico\/wp-content\/uploads\/2025\/11\/colores-mediterraneo.png\u00bb title_text=\u00bbcolores mediterraneo\u00bb _builder_version=\u00bb4.26.0&#8243; _module_preset=\u00bbdefault\u00bb global_colors_info=\u00bb{}\u00bb][\/et_pb_image][\/et_pb_column][\/et_pb_row][\/et_pb_section][et_pb_section fb_built=\u00bb1&#8243; admin_label=\u00bbGallery\u00bb _builder_version=\u00bb4.24.3&#8243; _module_preset=\u00bbdefault\u00bb saved_tabs=\u00bball\u00bb collapsed=\u00bbon\u00bb global_colors_info=\u00bb{}\u00bb][et_pb_row column_structure=\u00bb1_4,1_4,1_4,1_4&#8243; use_custom_gutter=\u00bbon\u00bb gutter_width=\u00bb2&#8243; _builder_version=\u00bb4.24.3&#8243; _module_preset=\u00bbdefault\u00bb max_width=\u00bbnone\u00bb global_colors_info=\u00bb{}\u00bb][et_pb_column type=\u00bb1_4&#8243; _builder_version=\u00bb4.24.3&#8243; _module_preset=\u00bbdefault\u00bb global_colors_info=\u00bb{}\u00bb][et_pb_image src=\u00bbhttps:\/\/www.ceese.es\/material-electrico\/wp-content\/uploads\/2016\/09\/marco-blanco.jpg\u00bb title_text=\u00bbmarco-blanco\u00bb show_in_lightbox=\u00bbon\u00bb use_overlay=\u00bbon\u00bb overlay_icon_color=\u00bbgcid-3e93bdc5-146d-448e-a761-9f1b4dd51113&#8243; _builder_version=\u00bb4.26.0&#8243; _module_preset=\u00bbdefault\u00bb global_colors_info=\u00bb{%22gcid-3e93bdc5-146d-448e-a761-9f1b4dd51113%22:%91%22overlay_icon_color%22%93}\u00bb][\/et_pb_image][\/et_pb_column][et_pb_column type=\u00bb1_4&#8243; _builder_version=\u00bb4.24.3&#8243; _module_preset=\u00bbdefault\u00bb global_colors_info=\u00bb{}\u00bb][et_pb_image src=\u00bbhttps:\/\/www.ceese.es\/material-electrico\/wp-content\/uploads\/2017\/09\/Roble-Cobre.jpg\u00bb title_text=\u00bbRoble Cobre\u00bb show_in_lightbox=\u00bbon\u00bb use_overlay=\u00bbon\u00bb overlay_icon_color=\u00bbgcid-3e93bdc5-146d-448e-a761-9f1b4dd51113&#8243; _builder_version=\u00bb4.26.0&#8243; _module_preset=\u00bbdefault\u00bb locked=\u00bboff\u00bb global_colors_info=\u00bb{%22gcid-3e93bdc5-146d-448e-a761-9f1b4dd51113%22:%91%22overlay_icon_color%22%93}\u00bb][\/et_pb_image][\/et_pb_column][et_pb_column type=\u00bb1_4&#8243; _builder_version=\u00bb4.24.3&#8243; _module_preset=\u00bbdefault\u00bb global_colors_info=\u00bb{}\u00bb][et_pb_image src=\u00bbhttps:\/\/www.ceese.es\/material-electrico\/wp-content\/uploads\/2016\/09\/enchufe-bronce.jpg\u00bb title_text=\u00bbenchufe-bronce\u00bb show_in_lightbox=\u00bbon\u00bb use_overlay=\u00bbon\u00bb overlay_icon_color=\u00bbgcid-3e93bdc5-146d-448e-a761-9f1b4dd51113&#8243; _builder_version=\u00bb4.26.0&#8243; _module_preset=\u00bbdefault\u00bb locked=\u00bboff\u00bb global_colors_info=\u00bb{%22gcid-3e93bdc5-146d-448e-a761-9f1b4dd51113%22:%91%22overlay_icon_color%22%93}\u00bb][\/et_pb_image][\/et_pb_column][et_pb_column type=\u00bb1_4&#8243; _builder_version=\u00bb4.24.3&#8243; _module_preset=\u00bbdefault\u00bb global_colors_info=\u00bb{}\u00bb][et_pb_image src=\u00bbhttps:\/\/www.ceese.es\/material-electrico\/wp-content\/uploads\/2017\/09\/Cristal-Aluminio.jpg\u00bb title_text=\u00bbCristal Aluminio\u00bb show_in_lightbox=\u00bbon\u00bb use_overlay=\u00bbon\u00bb overlay_icon_color=\u00bbgcid-3e93bdc5-146d-448e-a761-9f1b4dd51113&#8243; _builder_version=\u00bb4.26.0&#8243; _module_preset=\u00bbdefault\u00bb locked=\u00bboff\u00bb global_colors_info=\u00bb{%22gcid-3e93bdc5-146d-448e-a761-9f1b4dd51113%22:%91%22overlay_icon_color%22%93}\u00bb][\/et_pb_image][\/et_pb_column][\/et_pb_row][\/et_pb_section][et_pb_section fb_built=\u00bb1&#8243; admin_label=\u00bbAbout\u00bb _builder_version=\u00bb4.24.3&#8243; _module_preset=\u00bbdefault\u00bb collapsed=\u00bbon\u00bb global_colors_info=\u00bb{}\u00bb][et_pb_row column_structure=\u00bb1_2,1_2&#8243; _builder_version=\u00bb4.24.3&#8243; _module_preset=\u00bbdefault\u00bb max_width=\u00bbnone\u00bb global_colors_info=\u00bb{}\u00bb][et_pb_column type=\u00bb1_2&#8243; _builder_version=\u00bb4.24.3&#8243; _module_preset=\u00bbdefault\u00bb global_colors_info=\u00bb{}\u00bb][et_pb_heading title=\u00bbDos tipos de marcos diferentes \u00bb _builder_version=\u00bb4.26.0&#8243; _module_preset=\u00bb3ce81f1c-7e1f-4be4-b90a-765250babcac\u00bb title_text_color=\u00bbgcid-3e82fe58-3361-44dd-bc2e-cecf457b1359&#8243; title_font_size=\u00bb3vw\u00bb global_colors_info=\u00bb{%22gcid-3e93bdc5-146d-448e-a761-9f1b4dd51113%22:%91%22link_text_color%22,%22quote_border_color%22,%22link_text_color%22,%22quote_border_color%22,%22link_text_color%22,%22quote_border_color%22,%22link_text_color%22,%22quote_border_color%22,%22link_text_color%22,%22quote_border_color%22,%22link_text_color%22,%22quote_border_color%22,%22link_text_color%22,%22quote_border_color%22%93,%22gcid-c7d8f091-13fc-48ff-a161-01fd58ed72d5%22:%91%22quote_text_color%22,%22quote_text_color%22,%22quote_text_color%22,%22quote_text_color%22,%22quote_text_color%22,%22quote_text_color%22,%22quote_text_color%22,%22quote_text_color%22,%22quote_text_color%22%93,%22gcid-3e82fe58-3361-44dd-bc2e-cecf457b1359%22:%91%22title_text_color%22%93,%22gcid-primary-color%22:%91%22title_text_color%22%93}\u00bb][\/et_pb_heading][et_pb_text _builder_version=\u00bb4.24.3&#8243; _module_preset=\u00bbf619ce22-e647-4a16-ba8a-328a52886a82&#8243; global_colors_info=\u00bb{}\u00bb]<\/p>\n<p data-start=\"157\" data-end=\"472\"><strong><em><span style=\"font-size: x-large;\">Marco Cl\u00e1sico y Marco NEW<\/span><\/em><\/strong><\/p>\n<p data-start=\"157\" data-end=\"472\">Los Marcos NEW aportan una elegante y sencilla l\u00ednea con su remate en la parte trasera m\u00e1s discreto.\u00a0<\/p>\n<p>[\/et_pb_text][\/et_pb_column][et_pb_column type=\u00bb1_2&#8243; _builder_version=\u00bb4.24.3&#8243; _module_preset=\u00bbdefault\u00bb global_colors_info=\u00bb{}\u00bb][et_pb_image src=\u00bbhttps:\/\/www.ceese.es\/material-electrico\/wp-content\/uploads\/2025\/11\/Montaje-Marco-New.jpg\u00bb title_text=\u00bbMontaje Marco New\u00bb _builder_version=\u00bb4.26.0&#8243; _module_preset=\u00bbdefault\u00bb width=\u00bb65%\u00bb global_colors_info=\u00bb{}\u00bb][\/et_pb_image][\/et_pb_column][\/et_pb_row][\/et_pb_section][et_pb_section fb_built=\u00bb1&#8243; _builder_version=\u00bb4.26.0&#8243; _module_preset=\u00bbdefault\u00bb background_color=\u00bb#D6D6D6&#8243; custom_margin=\u00bb||10px||false|false\u00bb global_colors_info=\u00bb{}\u00bb][et_pb_row column_structure=\u00bb1_2,1_2&#8243; _builder_version=\u00bb4.26.0&#8243; _module_preset=\u00bbdefault\u00bb global_colors_info=\u00bb{}\u00bb][et_pb_column type=\u00bb1_2&#8243; _builder_version=\u00bb4.26.0&#8243; _module_preset=\u00bbdefault\u00bb global_colors_info=\u00bb{}\u00bb][et_pb_image src=\u00bbhttps:\/\/www.ceese.es\/material-electrico\/wp-content\/uploads\/2025\/12\/N-AENOR.png\u00bb title_text=\u00bbN AENOR\u00bb align=\u00bbcenter\u00bb _builder_version=\u00bb4.26.0&#8243; _module_preset=\u00bbdefault\u00bb width=\u00bb20%\u00bb global_colors_info=\u00bb{}\u00bb][\/et_pb_image][\/et_pb_column][et_pb_column type=\u00bb1_2&#8243; _builder_version=\u00bb4.26.0&#8243; _module_preset=\u00bbdefault\u00bb global_colors_info=\u00bb{}\u00bb][et_pb_text _builder_version=\u00bb4.26.0&#8243; _module_preset=\u00bbdefault\u00bb global_colors_info=\u00bb{}\u00bb]<\/p>\n<p>Mecanismos, tomas de corriente y accesorios, certificados por AENOR<\/p>\n<p>[\/et_pb_text][et_pb_button button_url=\u00bbhttps:\/\/www.ceese.es\/material-electrico\/wp-content\/uploads\/2026\/04\/CERTIFICADOS-AENOR-S.-MEDITERRANEO.pdf\u00bb url_new_window=\u00bbon\u00bb button_text=\u00bbDescargar certificados\u00bb button_alignment=\u00bbcenter\u00bb _builder_version=\u00bb4.26.0&#8243; _module_preset=\u00bbdefault\u00bb custom_button=\u00bbon\u00bb button_text_size=\u00bb16px\u00bb button_text_color=\u00bbgcid-3e82fe58-3361-44dd-bc2e-cecf457b1359&#8243; button_bg_color=\u00bbRGBA(255,255,255,0)\u00bb button_border_width=\u00bb1px\u00bb button_border_color=\u00bbgcid-3e82fe58-3361-44dd-bc2e-cecf457b1359&#8243; button_border_radius=\u00bb0px\u00bb button_font=\u00bb&#8211;et_global_heading_font|500|||||||\u00bb button_icon=\u00bb&#x3d;||divi||400&#8243; hover_enabled=\u00bb0&#8243; global_colors_info=\u00bb{%22gcid-3e82fe58-3361-44dd-bc2e-cecf457b1359%22:%91%22button_text_color%22,%22button_border_color%22%93}\u00bb sticky_enabled=\u00bb0&#8243;][\/et_pb_button][\/et_pb_column][\/et_pb_row][\/et_pb_section][et_pb_section fb_built=\u00bb1&#8243; admin_label=\u00bbCall to Action\u00bb _builder_version=\u00bb4.26.0&#8243; _module_preset=\u00bbdefault\u00bb background_enable_color=\u00bboff\u00bb use_background_color_gradient=\u00bbon\u00bb background_color_gradient_stops=\u00bbrgba(0,0,0,0.1) 0%|rgba(0,0,0,0.1) 98%\u00bb background_color_gradient_overlays_image=\u00bbon\u00bb background_image=\u00bbhttps:\/\/www.ceese.es\/material-electrico\/wp-content\/uploads\/2025\/11\/catalogo-scaled.jpg\u00bb parallax=\u00bbon\u00bb custom_padding=\u00bb10vw||10vw||true|false\u00bb collapsed=\u00bbon\u00bb global_colors_info=\u00bb{}\u00bb][et_pb_row _builder_version=\u00bb4.24.3&#8243; _module_preset=\u00bbdefault\u00bb global_colors_info=\u00bb{}\u00bb][et_pb_column type=\u00bb4_4&#8243; _builder_version=\u00bb4.24.3&#8243; _module_preset=\u00bbdefault\u00bb global_colors_info=\u00bb{}\u00bb][et_pb_button button_url=\u00bbhttps:\/\/www.ceese.es\/material-electrico\/wp-content\/uploads\/2026\/01\/CEESE-TARIFA-GENERAL-2026-9000000126-ED.1_WEB.pdf\u00bb url_new_window=\u00bbon\u00bb button_text=\u00bbVer tarifa de precios\u00bb button_alignment=\u00bbcenter\u00bb _builder_version=\u00bb4.26.0&#8243; _module_preset=\u00bb2c398c21-1545-48e2-8e66-5a837cab2cd2&#8243; button_bg_color=\u00bbgcid-primary-color\u00bb locked=\u00bboff\u00bb global_colors_info=\u00bb{%22gcid-primary-color%22:%91%22button_bg_color%22%93}\u00bb][\/et_pb_button][\/et_pb_column][\/et_pb_row][\/et_pb_section]<\/p>\n","protected":false},"excerpt":{"rendered":"<p>La Colecci\u00f3n Mediterr\u00e1neo ha sido creada para ofrecer una soluci\u00f3n creativa y funcional a los espacios modernos, con una elegante gama de l\u00edneas sencillas y rectas. Su teclado de mayor amplitud proporciona una superficie de contacto m\u00e1s c\u00f3moda, mientras que el marco estrecho, que parece flotar sobre la pared gracias a su doble profundidad, aporta [&hellip;]<\/p>\n","protected":false},"author":2,"featured_media":0,"parent":0,"menu_order":0,"comment_status":"closed","ping_status":"closed","template":"","meta":{"_et_pb_use_builder":"on","_et_pb_old_content":"","_et_gb_content_width":"","footnotes":""},"class_list":["post-9455","page","type-page","status-publish","hentry"],"_links":{"self":[{"href":"https:\/\/www.ceese.es\/material-electrico\/wp-json\/wp\/v2\/pages\/9455","targetHints":{"allow":["GET"]}}],"collection":[{"href":"https:\/\/www.ceese.es\/material-electrico\/wp-json\/wp\/v2\/pages"}],"about":[{"href":"https:\/\/www.ceese.es\/material-electrico\/wp-json\/wp\/v2\/types\/page"}],"author":[{"embeddable":true,"href":"https:\/\/www.ceese.es\/material-electrico\/wp-json\/wp\/v2\/users\/2"}],"replies":[{"embeddable":true,"href":"https:\/\/www.ceese.es\/material-electrico\/wp-json\/wp\/v2\/comments?post=9455"}],"version-history":[{"count":2,"href":"https:\/\/www.ceese.es\/material-electrico\/wp-json\/wp\/v2\/pages\/9455\/revisions"}],"predecessor-version":[{"id":10168,"href":"https:\/\/www.ceese.es\/material-electrico\/wp-json\/wp\/v2\/pages\/9455\/revisions\/10168"}],"wp:attachment":[{"href":"https:\/\/www.ceese.es\/material-electrico\/wp-json\/wp\/v2\/media?parent=9455"}],"curies":[{"name":"wp","href":"https:\/\/api.w.org\/{rel}","templated":true}]}}